{"id":91,"date":"2020-09-26T19:58:58","date_gmt":"2020-09-26T16:58:58","guid":{"rendered":"http:\/\/addgrup.com\/?page_id=91"},"modified":"2025-08-26T10:58:26","modified_gmt":"2025-08-26T07:58:26","slug":"mission-and-vision","status":"publish","type":"page","link":"https:\/\/addgrup.com\/es\/mission-and-vision\/","title":{"rendered":"Misi\u00f3n, Visi\u00f3n y Valores de la Compa\u00f1\u00eda"},"content":{"rendered":"<p><\/p>\n<h4>Misi\u00f3n<\/h4>\n<p>En el mundo, donde la energ\u00e9tica tiene un papel cada vez m\u00e1s importante, y su producci\u00f3n tiene una considerable influencia sobre el medio ambiente, la gesti\u00f3n del consumo se convierte en un componente vital no solamente para las empresas energ\u00e9ticas, sino tambi\u00e9n para nuestra vida cotidiana.<br \/>\nADD GRUP elabora y produce unas soluciones de medici\u00f3n avanzadas, que son unas palancas de las empresas de servicios p\u00fablicos para la gesti\u00f3n eficiente de los recursos. Adem\u00e1s, ofrecen a los consumidores finales la informaci\u00f3n necesaria para motivaci\u00f3n de un consumo racional. Nosotros producimos equipos ADDAX, bas\u00e1ndonos en nuestros conocimientos y experiencia.<\/p>\n<h4>Visi\u00f3n<\/h4>\n<p>Los sistemas de medici\u00f3n contempor\u00e1neos son un producto relativamente nuevo \u2013 las soluciones, ofrecidas en el presente en el mercado, todav\u00eda no han alcanzado la fase de madurez tecnol\u00f3gica, lo que deja bastante espacio para el desarrollo e innovaciones. Al elaborar nuestra producci\u00f3n, nosotros tratamos no solamente de reaccionar a las necesidades reales del mercado, sino tambi\u00e9n prever las futuras necesidades y problemas de nuestros clientes. Nosotros tratamos de desarrollar un producto prometedor, que sea orientado hacia el futuro y que sea bastante flexible, para adaptarse a los nuevos requerimientos.<\/p>\n<h4>Valores<\/h4>\n<p>El valor principal de nuestra compa\u00f1\u00eda \u2013 es la relaci\u00f3n con nuestros socios y clientes. Nosotros valoramos los conocimientos obtenidos y la experiencia, que est\u00e1n reflejados en nuestras elaboraciones.<\/p>","protected":false},"excerpt":{"rendered":"<p>Misi\u00f3n En el mundo, donde la energ\u00e9tica tiene un papel cada vez m\u00e1s importante, y su producci\u00f3n tiene una considerable influencia sobre el medio ambiente, la gesti\u00f3n del consumo se convierte en un componente vital no solamente para las empresas&#8230;<\/p>\n","protected":false},"author":1,"featured_media":0,"parent":0,"menu_order":0,"comment_status":"closed","ping_status":"closed","template":"templates\/page-about-us-mission.php","meta":[],"acf":[],"_links":{"self":[{"href":"https:\/\/addgrup.com\/es\/wp-json\/wp\/v2\/pages\/91"}],"collection":[{"href":"https:\/\/addgrup.com\/es\/wp-json\/wp\/v2\/pages"}],"about":[{"href":"https:\/\/addgrup.com\/es\/wp-json\/wp\/v2\/types\/page"}],"author":[{"embeddable":true,"href":"https:\/\/addgrup.com\/es\/wp-json\/wp\/v2\/users\/1"}],"replies":[{"embeddable":true,"href":"https:\/\/addgrup.com\/es\/wp-json\/wp\/v2\/comments?post=91"}],"version-history":[{"count":12,"href":"https:\/\/addgrup.com\/es\/wp-json\/wp\/v2\/pages\/91\/revisions"}],"predecessor-version":[{"id":2257,"href":"https:\/\/addgrup.com\/es\/wp-json\/wp\/v2\/pages\/91\/revisions\/2257"}],"wp:attachment":[{"href":"https:\/\/addgrup.com\/es\/wp-json\/wp\/v2\/media?parent=91"}],"curies":[{"name":"wp","href":"https:\/\/api.w.org\/{rel}","templated":true}]}}