{"id":66,"date":"2020-09-26T19:52:16","date_gmt":"2020-09-26T16:52:16","guid":{"rendered":"http:\/\/addgrup.com\/?page_id=66"},"modified":"2026-01-20T17:32:06","modified_gmt":"2026-01-20T14:32:06","slug":"implementation-map","status":"publish","type":"page","link":"https:\/\/addgrup.com\/es\/implementation-map\/","title":{"rendered":"Mapa de implementaci\u00f3n"},"content":{"rendered":"<p><\/p>\n<ul class=\"ul-gear column-2\">\n<li>ADD Grup es un desarrollador y fabricante de sistemas inteligentes de medici\u00f3n de energ\u00eda.<\/li>\n<li>M\u00e1s de 33 a\u00f1os de \u00e9xito mundial<\/li>\n<li>Proyectos de 38 pa\u00edses de todo el mundo<\/li>\n<li>M\u00e1s de 8 500 000 de nuestros contadores inteligentes se han instalado en todo el mundo<\/li>\n<\/ul>\n<p><\/p>","protected":false},"excerpt":{"rendered":"<p>ADD Grup es un desarrollador y fabricante de sistemas inteligentes de medici\u00f3n de energ\u00eda. M\u00e1s de 33 a\u00f1os de \u00e9xito mundial Proyectos de 38 pa\u00edses de todo el mundo M\u00e1s de 8 500 000 de nuestros contadores inteligentes se han&#8230;<\/p>\n","protected":false},"author":1,"featured_media":0,"parent":0,"menu_order":0,"comment_status":"closed","ping_status":"closed","template":"templates\/page-implementation-map.php","meta":[],"acf":[],"_links":{"self":[{"href":"https:\/\/addgrup.com\/es\/wp-json\/wp\/v2\/pages\/66"}],"collection":[{"href":"https:\/\/addgrup.com\/es\/wp-json\/wp\/v2\/pages"}],"about":[{"href":"https:\/\/addgrup.com\/es\/wp-json\/wp\/v2\/types\/page"}],"author":[{"embeddable":true,"href":"https:\/\/addgrup.com\/es\/wp-json\/wp\/v2\/users\/1"}],"replies":[{"embeddable":true,"href":"https:\/\/addgrup.com\/es\/wp-json\/wp\/v2\/comments?post=66"}],"version-history":[{"count":110,"href":"https:\/\/addgrup.com\/es\/wp-json\/wp\/v2\/pages\/66\/revisions"}],"predecessor-version":[{"id":3446,"href":"https:\/\/addgrup.com\/es\/wp-json\/wp\/v2\/pages\/66\/revisions\/3446"}],"wp:attachment":[{"href":"https:\/\/addgrup.com\/es\/wp-json\/wp\/v2\/media?parent=66"}],"curies":[{"name":"wp","href":"https:\/\/api.w.org\/{rel}","templated":true}]}}