{"id":91,"date":"2020-09-26T19:58:58","date_gmt":"2020-09-26T16:58:58","guid":{"rendered":"http:\/\/addgrup.com\/?page_id=91"},"modified":"2025-08-26T10:58:26","modified_gmt":"2025-08-26T07:58:26","slug":"mission-and-vision","status":"publish","type":"page","link":"https:\/\/addgrup.com\/de\/mission-and-vision\/","title":{"rendered":"Leitbild und Vision des Unternehmens"},"content":{"rendered":"<p><span style=\"color: #ff0000;\"><strong>Leitbild<\/strong><\/span><\/p>\n<p>In unserer Welt, in der die Energie eine immer wichtigere Rolle spielt und ihre Produktion erhebliche Auswirkungen auf die Umwelt hat, wird die Verbrauchskontrolle nicht nur f\u00fcr Energieunternehmen, sondern auch f\u00fcr unser t\u00e4gliches Leben zu einem wichtigen Bestandteil.<\/p>\n<p>ADD Grup entwickelt und produziert fortschrittliche Messl\u00f6sungen, die den Versorgungsunternehmen einen Hebel f\u00fcr ein effizientes Ressourcenmanagement bieten sowie den Endverbrauchern\u00a0 notwendigen Informationen besorgen, um einen angemessenen Verbrauch motivieren zu lassen. Wir fertigen die ADDAX-Ger\u00e4te auf Grundlage der Synergie unseres Wissens und unserer Erfahrung sowie des Wissens und der Erfahrung unserer Kunden.<\/p>\n<p><span style=\"color: #ff0000;\"><strong>Vision<\/strong><\/span><\/p>\n<p>Moderne Messsysteme sind ein relativ junges Produkt. Die heute auf dem Markt befindlichen L\u00f6sungen haben noch nicht den Stand der technologischen Reife erreicht, der noch gen\u00fcgend Raum f\u00fcr Entwicklung und Innovation l\u00e4sst. Bei der Entwicklung unserer Produkte streben wir danach, nicht nur auf die tats\u00e4chlichen Marktbed\u00fcrfnisse einzugehen, sondern auch die zuk\u00fcnftigen Bed\u00fcrfnisse und Probleme unserer Kunden zu antizipieren. Wir versuchen ein vielversprechendes Produkt zu entwickeln, das zukunftsorientiert und flexibel genug ist, um sich an neue Anforderungen anzupassen.<\/p>\n<p><span style=\"color: #ff0000;\"><strong>Werte<\/strong><\/span><\/p>\n<p>Der Hauptwert unseres Unternehmens sind die Beziehungen zu unseren Partnern und Kunden. Wir legen gro\u00dfen Wert auf das erworbene Wissen und die Erfahrung, die sich in unseren Entwicklungen widerspiegeln.<\/p>","protected":false},"excerpt":{"rendered":"<p>Leitbild In unserer Welt, in der die Energie eine immer wichtigere Rolle spielt und ihre Produktion erhebliche Auswirkungen auf die Umwelt hat, wird die Verbrauchskontrolle nicht nur f\u00fcr Energieunternehmen, sondern auch f\u00fcr unser t\u00e4gliches Leben zu einem wichtigen Bestandteil. ADD&#8230;<\/p>\n","protected":false},"author":1,"featured_media":0,"parent":0,"menu_order":0,"comment_status":"closed","ping_status":"closed","template":"templates\/page-about-us-mission.php","meta":[],"acf":[],"_links":{"self":[{"href":"https:\/\/addgrup.com\/de\/wp-json\/wp\/v2\/pages\/91"}],"collection":[{"href":"https:\/\/addgrup.com\/de\/wp-json\/wp\/v2\/pages"}],"about":[{"href":"https:\/\/addgrup.com\/de\/wp-json\/wp\/v2\/types\/page"}],"author":[{"embeddable":true,"href":"https:\/\/addgrup.com\/de\/wp-json\/wp\/v2\/users\/1"}],"replies":[{"embeddable":true,"href":"https:\/\/addgrup.com\/de\/wp-json\/wp\/v2\/comments?post=91"}],"version-history":[{"count":12,"href":"https:\/\/addgrup.com\/de\/wp-json\/wp\/v2\/pages\/91\/revisions"}],"predecessor-version":[{"id":2257,"href":"https:\/\/addgrup.com\/de\/wp-json\/wp\/v2\/pages\/91\/revisions\/2257"}],"wp:attachment":[{"href":"https:\/\/addgrup.com\/de\/wp-json\/wp\/v2\/media?parent=91"}],"curies":[{"name":"wp","href":"https:\/\/api.w.org\/{rel}","templated":true}]}}