{"id":66,"date":"2020-09-26T19:52:16","date_gmt":"2020-09-26T16:52:16","guid":{"rendered":"http:\/\/addgrup.com\/?page_id=66"},"modified":"2026-01-20T17:32:06","modified_gmt":"2026-01-20T14:32:06","slug":"implementation-map","status":"publish","type":"page","link":"https:\/\/addgrup.com\/de\/implementation-map\/","title":{"rendered":"Einsatzkarte"},"content":{"rendered":"<p><\/p>\n<ul class=\"ul\">\n<li>Wir entwickeln und fertigen die Benchmark-Smart-Metering-L\u00f6sungen weltweit<\/li>\n<li>Hightech-Unternehmen mit \u00fcber 33 Jahren Erfolgsgeschichte<\/li>\n<li>Mehr als 8.500.000 Smart Meter weltweit installiert<\/li>\n<li>Erfolgreiche Projekte in 38 L\u00e4ndern der Welt<\/li>\n<li>Mitglied der PRIME Alliance, G3-PLC Alliance, DLMS UA, Wi-SUN Alliance und STS Association<\/li>\n<\/ul>\n<p><\/p>","protected":false},"excerpt":{"rendered":"<p>Wir entwickeln und fertigen die Benchmark-Smart-Metering-L\u00f6sungen weltweit Hightech-Unternehmen mit \u00fcber 33 Jahren Erfolgsgeschichte Mehr als 8.500.000 Smart Meter weltweit installiert Erfolgreiche Projekte in 38 L\u00e4ndern der Welt Mitglied der PRIME Alliance, G3-PLC Alliance, DLMS UA, Wi-SUN Alliance und STS Association<\/p>\n","protected":false},"author":1,"featured_media":0,"parent":0,"menu_order":0,"comment_status":"closed","ping_status":"closed","template":"templates\/page-implementation-map.php","meta":[],"acf":[],"_links":{"self":[{"href":"https:\/\/addgrup.com\/de\/wp-json\/wp\/v2\/pages\/66"}],"collection":[{"href":"https:\/\/addgrup.com\/de\/wp-json\/wp\/v2\/pages"}],"about":[{"href":"https:\/\/addgrup.com\/de\/wp-json\/wp\/v2\/types\/page"}],"author":[{"embeddable":true,"href":"https:\/\/addgrup.com\/de\/wp-json\/wp\/v2\/users\/1"}],"replies":[{"embeddable":true,"href":"https:\/\/addgrup.com\/de\/wp-json\/wp\/v2\/comments?post=66"}],"version-history":[{"count":110,"href":"https:\/\/addgrup.com\/de\/wp-json\/wp\/v2\/pages\/66\/revisions"}],"predecessor-version":[{"id":3446,"href":"https:\/\/addgrup.com\/de\/wp-json\/wp\/v2\/pages\/66\/revisions\/3446"}],"wp:attachment":[{"href":"https:\/\/addgrup.com\/de\/wp-json\/wp\/v2\/media?parent=66"}],"curies":[{"name":"wp","href":"https:\/\/api.w.org\/{rel}","templated":true}]}}